{"id":8928,"date":"2025-05-16T09:18:05","date_gmt":"2025-05-16T09:18:05","guid":{"rendered":"http:\/\/bindella.it\/press-trade-kit\/"},"modified":"2025-06-25T09:57:35","modified_gmt":"2025-06-25T09:57:35","slug":"press-trade-kit","status":"publish","type":"page","link":"https:\/\/bindella.it\/de\/press-trade-kit\/","title":{"rendered":"Press &amp; Trade Kit"},"content":{"rendered":"\t\t<div data-elementor-type=\"wp-page\" data-elementor-id=\"8928\" class=\"elementor elementor-8928 elementor-4970\" data-elementor-post-type=\"page\">\n\t\t\t\t<div class=\"elementor-element elementor-element-602a843 e-flex e-con-boxed e-con e-parent\" data-id=\"602a843\" data-element_type=\"container\">\n\t\t\t\t\t<div class=\"e-con-inner\">\n\t\t\t\t\t<\/div>\n\t\t\t\t<\/div>\n\t\t<div class=\"elementor-element elementor-element-483fd4d e-flex e-con-boxed e-con e-parent\" data-id=\"483fd4d\" data-element_type=\"container\">\n\t\t\t\t\t<div class=\"e-con-inner\">\n\t\t\t\t<div class=\"elementor-element elementor-element-e3258d9 elementor-widget elementor-widget-heading\" data-id=\"e3258d9\" data-element_type=\"widget\" data-widget_type=\"heading.default\">\n\t\t\t\t<div class=\"elementor-widget-container\">\n\t\t\t\t\t<h2 class=\"elementor-heading-title elementor-size-default\">Press &amp; Trade Kit<\/h2>\t\t\t\t<\/div>\n\t\t\t\t<\/div>\n\t\t\t\t\t<\/div>\n\t\t\t\t<\/div>\n\t\t<div class=\"elementor-element elementor-element-50f7fe7 e-flex e-con-boxed e-con e-parent\" data-id=\"50f7fe7\" data-element_type=\"container\">\n\t\t\t\t\t<div class=\"e-con-inner\">\n\t\t\t\t<div class=\"elementor-element elementor-element-8916fd9 e-n-tabs-mobile elementor-widget elementor-widget-n-tabs\" data-id=\"8916fd9\" data-element_type=\"widget\" data-settings=\"{&quot;horizontal_scroll&quot;:&quot;disable&quot;}\" data-widget_type=\"nested-tabs.default\">\n\t\t\t\t<div class=\"elementor-widget-container\">\n\t\t\t\t\t\t\t<div class=\"e-n-tabs\" data-widget-number=\"143749081\" aria-label=\"Tabs. Open items with Enter or Space, close with Escape and navigate using the Arrow keys.\">\n\t\t\t<div class=\"e-n-tabs-heading\" role=\"tablist\">\n\t\t\t\t\t<button id=\"e-n-tab-title-1437490811\" class=\"e-n-tab-title\" aria-selected=\"true\" data-tab-index=\"1\" role=\"tab\" tabindex=\"0\" aria-controls=\"e-n-tab-content-1437490811\" style=\"--n-tabs-title-order: 1;\">\n\t\t\t\t\t\t<span class=\"e-n-tab-title-text\">\n\t\t\t\tDatenbl\u00e4tter \t\t\t<\/span>\n\t\t<\/button>\n\t\t\t\t<button id=\"e-n-tab-title-1437490812\" class=\"e-n-tab-title\" aria-selected=\"false\" data-tab-index=\"2\" role=\"tab\" tabindex=\"-1\" aria-controls=\"e-n-tab-content-1437490812\" style=\"--n-tabs-title-order: 2;\">\n\t\t\t\t\t\t<span class=\"e-n-tab-title-text\">\n\t\t\t\tBewertungen \t\t\t<\/span>\n\t\t<\/button>\n\t\t\t\t<button id=\"e-n-tab-title-1437490813\" class=\"e-n-tab-title\" aria-selected=\"false\" data-tab-index=\"3\" role=\"tab\" tabindex=\"-1\" aria-controls=\"e-n-tab-content-1437490813\" style=\"--n-tabs-title-order: 3;\">\n\t\t\t\t\t\t<span class=\"e-n-tab-title-text\">\n\t\t\t\tFotos \t\t\t<\/span>\n\t\t<\/button>\n\t\t\t\t<button id=\"e-n-tab-title-1437490814\" class=\"e-n-tab-title\" aria-selected=\"false\" data-tab-index=\"4\" role=\"tab\" tabindex=\"-1\" aria-controls=\"e-n-tab-content-1437490814\" style=\"--n-tabs-title-order: 4;\">\n\t\t\t\t\t\t<span class=\"e-n-tab-title-text\">\n\t\t\t\tLogos \t\t\t<\/span>\n\t\t<\/button>\n\t\t\t\t<button id=\"e-n-tab-title-1437490815\" class=\"e-n-tab-title\" aria-selected=\"false\" data-tab-index=\"5\" role=\"tab\" tabindex=\"-1\" aria-controls=\"e-n-tab-content-1437490815\" style=\"--n-tabs-title-order: 5;\">\n\t\t\t\t\t\t<span class=\"e-n-tab-title-text\">\n\t\t\t\tBrosch\u00fcre \t\t\t<\/span>\n\t\t<\/button>\n\t\t\t\t\t<\/div>\n\t\t\t<div class=\"e-n-tabs-content\">\n\t\t\t\t<div id=\"e-n-tab-content-1437490811\" role=\"tabpanel\" aria-labelledby=\"e-n-tab-title-1437490811\" data-tab-index=\"1\" style=\"--n-tabs-title-order: 1;\" class=\"e-active elementor-element elementor-element-5e00690 e-con-full e-flex e-con e-child\" data-id=\"5e00690\" data-element_type=\"container\">\n\t\t<div class=\"elementor-element elementor-element-4f5a74f e-con-full e-flex e-con e-child\" data-id=\"4f5a74f\" data-element_type=\"container\" data-settings=\"{&quot;background_background&quot;:&quot;classic&quot;}\">\n\t\t\t\t<div class=\"elementor-element elementor-element-20c379d elementor-view-default elementor-position-top elementor-mobile-position-top elementor-widget elementor-widget-icon-box\" data-id=\"20c379d\" data-element_type=\"widget\" data-widget_type=\"icon-box.default\">\n\t\t\t\t<div class=\"elementor-widget-container\">\n\t\t\t\t\t\t\t<div class=\"elementor-icon-box-wrapper\">\n\n\t\t\t\t\t\t<div class=\"elementor-icon-box-icon\">\n\t\t\t\t<a href=\"\/wp-content\/uploads\/2025\/06\/Schede-Tecniche-Vini.zip\" download=\"Schede-Tecniche-Vini.zip\" class=\"elementor-icon\" tabindex=\"-1\" aria-label=\"WEINE\">\n\t\t\t\t<svg aria-hidden=\"true\" class=\"e-font-icon-svg e-far-folder-open\" viewBox=\"0 0 576 512\" xmlns=\"http:\/\/www.w3.org\/2000\/svg\"><path d=\"M527.9 224H480v-48c0-26.5-21.5-48-48-48H272l-64-64H48C21.5 64 0 85.5 0 112v288c0 26.5 21.5 48 48 48h400c16.5 0 31.9-8.5 40.7-22.6l79.9-128c20-31.9-3-73.4-40.7-73.4zM48 118c0-3.3 2.7-6 6-6h134.1l64 64H426c3.3 0 6 2.7 6 6v42H152c-16.8 0-32.4 8.8-41.1 23.2L48 351.4zm400 282H72l77.2-128H528z\"><\/path><\/svg>\t\t\t\t<\/a>\n\t\t\t<\/div>\n\t\t\t\n\t\t\t\t\t\t<div class=\"elementor-icon-box-content\">\n\n\t\t\t\t\t\t\t\t\t<h3 class=\"elementor-icon-box-title\">\n\t\t\t\t\t\t<a href=\"\/wp-content\/uploads\/2025\/06\/Schede-Tecniche-Vini.zip\" download=\"Schede-Tecniche-Vini.zip\" >\n\t\t\t\t\t\t\tWEINE\t\t\t\t\t\t<\/a>\n\t\t\t\t\t<\/h3>\n\t\t\t\t\n\t\t\t\t\n\t\t\t<\/div>\n\t\t\t\n\t\t<\/div>\n\t\t\t\t\t\t<\/div>\n\t\t\t\t<\/div>\n\t\t\t\t<\/div>\n\t\t<div class=\"elementor-element elementor-element-4d5877f e-con-full e-flex e-con e-child\" data-id=\"4d5877f\" data-element_type=\"container\" data-settings=\"{&quot;background_background&quot;:&quot;classic&quot;}\">\n\t\t\t\t<div class=\"elementor-element elementor-element-9f38a91 elementor-view-default elementor-position-top elementor-mobile-position-top elementor-widget elementor-widget-icon-box\" data-id=\"9f38a91\" data-element_type=\"widget\" data-widget_type=\"icon-box.default\">\n\t\t\t\t<div class=\"elementor-widget-container\">\n\t\t\t\t\t\t\t<div class=\"elementor-icon-box-wrapper\">\n\n\t\t\t\t\t\t<div class=\"elementor-icon-box-icon\">\n\t\t\t\t<a href=\"\/wp-content\/uploads\/2025\/06\/Schede-Tecniche-Vin-Santo.zip\" download=\"Schede-Tecniche-Vin-Santo.zip\" class=\"elementor-icon\" tabindex=\"-1\" aria-label=\"VIN SANTO\">\n\t\t\t\t<svg aria-hidden=\"true\" class=\"e-font-icon-svg e-far-folder-open\" viewBox=\"0 0 576 512\" xmlns=\"http:\/\/www.w3.org\/2000\/svg\"><path d=\"M527.9 224H480v-48c0-26.5-21.5-48-48-48H272l-64-64H48C21.5 64 0 85.5 0 112v288c0 26.5 21.5 48 48 48h400c16.5 0 31.9-8.5 40.7-22.6l79.9-128c20-31.9-3-73.4-40.7-73.4zM48 118c0-3.3 2.7-6 6-6h134.1l64 64H426c3.3 0 6 2.7 6 6v42H152c-16.8 0-32.4 8.8-41.1 23.2L48 351.4zm400 282H72l77.2-128H528z\"><\/path><\/svg>\t\t\t\t<\/a>\n\t\t\t<\/div>\n\t\t\t\n\t\t\t\t\t\t<div class=\"elementor-icon-box-content\">\n\n\t\t\t\t\t\t\t\t\t<h3 class=\"elementor-icon-box-title\">\n\t\t\t\t\t\t<a href=\"\/wp-content\/uploads\/2025\/06\/Schede-Tecniche-Vin-Santo.zip\" download=\"Schede-Tecniche-Vin-Santo.zip\" >\n\t\t\t\t\t\t\tVIN SANTO\t\t\t\t\t\t<\/a>\n\t\t\t\t\t<\/h3>\n\t\t\t\t\n\t\t\t\t\n\t\t\t<\/div>\n\t\t\t\n\t\t<\/div>\n\t\t\t\t\t\t<\/div>\n\t\t\t\t<\/div>\n\t\t\t\t<\/div>\n\t\t<div class=\"elementor-element elementor-element-2ea694f e-con-full e-flex e-con e-child\" data-id=\"2ea694f\" data-element_type=\"container\" data-settings=\"{&quot;background_background&quot;:&quot;classic&quot;}\">\n\t\t\t\t<div class=\"elementor-element elementor-element-5d09ae6 elementor-view-default elementor-position-top elementor-mobile-position-top elementor-widget elementor-widget-icon-box\" data-id=\"5d09ae6\" data-element_type=\"widget\" data-widget_type=\"icon-box.default\">\n\t\t\t\t<div class=\"elementor-widget-container\">\n\t\t\t\t\t\t\t<div class=\"elementor-icon-box-wrapper\">\n\n\t\t\t\t\t\t<div class=\"elementor-icon-box-icon\">\n\t\t\t\t<a href=\"\/wp-content\/uploads\/2025\/06\/Scheda-tecnica-Grappa-Oro-it.pdf\" download=\"Scheda-tecnica-Grappa-Oro-it.pdf\" class=\"elementor-icon\" tabindex=\"-1\" aria-label=\"GRAPPA\">\n\t\t\t\t<svg aria-hidden=\"true\" class=\"e-font-icon-svg e-far-folder-open\" viewBox=\"0 0 576 512\" xmlns=\"http:\/\/www.w3.org\/2000\/svg\"><path d=\"M527.9 224H480v-48c0-26.5-21.5-48-48-48H272l-64-64H48C21.5 64 0 85.5 0 112v288c0 26.5 21.5 48 48 48h400c16.5 0 31.9-8.5 40.7-22.6l79.9-128c20-31.9-3-73.4-40.7-73.4zM48 118c0-3.3 2.7-6 6-6h134.1l64 64H426c3.3 0 6 2.7 6 6v42H152c-16.8 0-32.4 8.8-41.1 23.2L48 351.4zm400 282H72l77.2-128H528z\"><\/path><\/svg>\t\t\t\t<\/a>\n\t\t\t<\/div>\n\t\t\t\n\t\t\t\t\t\t<div class=\"elementor-icon-box-content\">\n\n\t\t\t\t\t\t\t\t\t<h3 class=\"elementor-icon-box-title\">\n\t\t\t\t\t\t<a href=\"\/wp-content\/uploads\/2025\/06\/Scheda-tecnica-Grappa-Oro-it.pdf\" download=\"Scheda-tecnica-Grappa-Oro-it.pdf\" >\n\t\t\t\t\t\t\tGRAPPA\t\t\t\t\t\t<\/a>\n\t\t\t\t\t<\/h3>\n\t\t\t\t\n\t\t\t\t\n\t\t\t<\/div>\n\t\t\t\n\t\t<\/div>\n\t\t\t\t\t\t<\/div>\n\t\t\t\t<\/div>\n\t\t\t\t<\/div>\n\t\t<div class=\"elementor-element elementor-element-50604e5 e-con-full e-flex e-con e-child\" data-id=\"50604e5\" data-element_type=\"container\" data-settings=\"{&quot;background_background&quot;:&quot;classic&quot;}\">\n\t\t\t\t<div class=\"elementor-element elementor-element-c981e94 elementor-view-default elementor-position-top elementor-mobile-position-top elementor-widget elementor-widget-icon-box\" data-id=\"c981e94\" data-element_type=\"widget\" data-widget_type=\"icon-box.default\">\n\t\t\t\t<div class=\"elementor-widget-container\">\n\t\t\t\t\t\t\t<div class=\"elementor-icon-box-wrapper\">\n\n\t\t\t\t\t\t<div class=\"elementor-icon-box-icon\">\n\t\t\t\t<a href=\"\/wp-content\/uploads\/2025\/06\/Scheda-tecnica-Olio-it.pdf\" download=\"Scheda-tecnica-Olio-it.pdf\" class=\"elementor-icon\" tabindex=\"-1\" aria-label=\"Oliven\u00f6l \">\n\t\t\t\t<svg aria-hidden=\"true\" class=\"e-font-icon-svg e-far-folder-open\" viewBox=\"0 0 576 512\" xmlns=\"http:\/\/www.w3.org\/2000\/svg\"><path d=\"M527.9 224H480v-48c0-26.5-21.5-48-48-48H272l-64-64H48C21.5 64 0 85.5 0 112v288c0 26.5 21.5 48 48 48h400c16.5 0 31.9-8.5 40.7-22.6l79.9-128c20-31.9-3-73.4-40.7-73.4zM48 118c0-3.3 2.7-6 6-6h134.1l64 64H426c3.3 0 6 2.7 6 6v42H152c-16.8 0-32.4 8.8-41.1 23.2L48 351.4zm400 282H72l77.2-128H528z\"><\/path><\/svg>\t\t\t\t<\/a>\n\t\t\t<\/div>\n\t\t\t\n\t\t\t\t\t\t<div class=\"elementor-icon-box-content\">\n\n\t\t\t\t\t\t\t\t\t<h3 class=\"elementor-icon-box-title\">\n\t\t\t\t\t\t<a href=\"\/wp-content\/uploads\/2025\/06\/Scheda-tecnica-Olio-it.pdf\" download=\"Scheda-tecnica-Olio-it.pdf\" >\n\t\t\t\t\t\t\tOliven\u00f6l \t\t\t\t\t\t<\/a>\n\t\t\t\t\t<\/h3>\n\t\t\t\t\n\t\t\t\t\n\t\t\t<\/div>\n\t\t\t\n\t\t<\/div>\n\t\t\t\t\t\t<\/div>\n\t\t\t\t<\/div>\n\t\t\t\t<\/div>\n\t\t\t\t<\/div>\n\t\t<div id=\"e-n-tab-content-1437490812\" role=\"tabpanel\" aria-labelledby=\"e-n-tab-title-1437490812\" data-tab-index=\"2\" style=\"--n-tabs-title-order: 2;\" class=\" elementor-element elementor-element-e237b66 e-con-full e-flex e-con e-child\" data-id=\"e237b66\" data-element_type=\"container\">\n\t\t<div class=\"elementor-element elementor-element-22b80ec e-con-full e-flex e-con e-child\" data-id=\"22b80ec\" data-element_type=\"container\" data-settings=\"{&quot;background_background&quot;:&quot;classic&quot;}\">\n\t\t\t\t<div class=\"elementor-element elementor-element-3b2aac8 elementor-view-default elementor-position-top elementor-mobile-position-top elementor-widget elementor-widget-icon-box\" data-id=\"3b2aac8\" data-element_type=\"widget\" data-widget_type=\"icon-box.default\">\n\t\t\t\t<div class=\"elementor-widget-container\">\n\t\t\t\t\t\t\t<div class=\"elementor-icon-box-wrapper\">\n\n\t\t\t\t\t\t<div class=\"elementor-icon-box-icon\">\n\t\t\t\t<a href=\"\/wp-content\/uploads\/2025\/06\/Bindella-Punteggi-Awards-full-list.zip\" download=\"Bindella-Punteggi-Awards-full-list.zip\" class=\"elementor-icon\" tabindex=\"-1\" aria-label=\"Bewertungen \">\n\t\t\t\t<svg aria-hidden=\"true\" class=\"e-font-icon-svg e-far-folder-open\" viewBox=\"0 0 576 512\" xmlns=\"http:\/\/www.w3.org\/2000\/svg\"><path d=\"M527.9 224H480v-48c0-26.5-21.5-48-48-48H272l-64-64H48C21.5 64 0 85.5 0 112v288c0 26.5 21.5 48 48 48h400c16.5 0 31.9-8.5 40.7-22.6l79.9-128c20-31.9-3-73.4-40.7-73.4zM48 118c0-3.3 2.7-6 6-6h134.1l64 64H426c3.3 0 6 2.7 6 6v42H152c-16.8 0-32.4 8.8-41.1 23.2L48 351.4zm400 282H72l77.2-128H528z\"><\/path><\/svg>\t\t\t\t<\/a>\n\t\t\t<\/div>\n\t\t\t\n\t\t\t\t\t\t<div class=\"elementor-icon-box-content\">\n\n\t\t\t\t\t\t\t\t\t<h3 class=\"elementor-icon-box-title\">\n\t\t\t\t\t\t<a href=\"\/wp-content\/uploads\/2025\/06\/Bindella-Punteggi-Awards-full-list.zip\" download=\"Bindella-Punteggi-Awards-full-list.zip\" >\n\t\t\t\t\t\t\tBewertungen \t\t\t\t\t\t<\/a>\n\t\t\t\t\t<\/h3>\n\t\t\t\t\n\t\t\t\t\n\t\t\t<\/div>\n\t\t\t\n\t\t<\/div>\n\t\t\t\t\t\t<\/div>\n\t\t\t\t<\/div>\n\t\t\t\t<\/div>\n\t\t\t\t<\/div>\n\t\t<div id=\"e-n-tab-content-1437490813\" role=\"tabpanel\" aria-labelledby=\"e-n-tab-title-1437490813\" data-tab-index=\"3\" style=\"--n-tabs-title-order: 3;\" class=\" elementor-element elementor-element-0de7696 e-con-full e-flex e-con e-child\" data-id=\"0de7696\" data-element_type=\"container\">\n\t\t<div class=\"elementor-element elementor-element-4688d62 e-con-full e-flex e-con e-child\" data-id=\"4688d62\" data-element_type=\"container\" data-settings=\"{&quot;background_background&quot;:&quot;classic&quot;}\">\n\t\t\t\t<div class=\"elementor-element elementor-element-2db325e elementor-view-default elementor-position-top elementor-mobile-position-top elementor-widget elementor-widget-icon-box\" data-id=\"2db325e\" data-element_type=\"widget\" data-widget_type=\"icon-box.default\">\n\t\t\t\t<div class=\"elementor-widget-container\">\n\t\t\t\t\t\t\t<div class=\"elementor-icon-box-wrapper\">\n\n\t\t\t\t\t\t<div class=\"elementor-icon-box-icon\">\n\t\t\t\t<a href=\"\/wp-content\/uploads\/2025\/06\/foto.zip\" download=\"foto.zip\" class=\"elementor-icon\" tabindex=\"-1\" aria-label=\"FOTOS\">\n\t\t\t\t<svg aria-hidden=\"true\" class=\"e-font-icon-svg e-far-folder-open\" viewBox=\"0 0 576 512\" xmlns=\"http:\/\/www.w3.org\/2000\/svg\"><path d=\"M527.9 224H480v-48c0-26.5-21.5-48-48-48H272l-64-64H48C21.5 64 0 85.5 0 112v288c0 26.5 21.5 48 48 48h400c16.5 0 31.9-8.5 40.7-22.6l79.9-128c20-31.9-3-73.4-40.7-73.4zM48 118c0-3.3 2.7-6 6-6h134.1l64 64H426c3.3 0 6 2.7 6 6v42H152c-16.8 0-32.4 8.8-41.1 23.2L48 351.4zm400 282H72l77.2-128H528z\"><\/path><\/svg>\t\t\t\t<\/a>\n\t\t\t<\/div>\n\t\t\t\n\t\t\t\t\t\t<div class=\"elementor-icon-box-content\">\n\n\t\t\t\t\t\t\t\t\t<h3 class=\"elementor-icon-box-title\">\n\t\t\t\t\t\t<a href=\"\/wp-content\/uploads\/2025\/06\/foto.zip\" download=\"foto.zip\" >\n\t\t\t\t\t\t\tFOTOS\t\t\t\t\t\t<\/a>\n\t\t\t\t\t<\/h3>\n\t\t\t\t\n\t\t\t\t\n\t\t\t<\/div>\n\t\t\t\n\t\t<\/div>\n\t\t\t\t\t\t<\/div>\n\t\t\t\t<\/div>\n\t\t\t\t<\/div>\n\t\t\t\t<\/div>\n\t\t<div id=\"e-n-tab-content-1437490814\" role=\"tabpanel\" aria-labelledby=\"e-n-tab-title-1437490814\" data-tab-index=\"4\" style=\"--n-tabs-title-order: 4;\" class=\" elementor-element elementor-element-e016b7f e-con-full e-flex e-con e-child\" data-id=\"e016b7f\" data-element_type=\"container\">\n\t\t<div class=\"elementor-element elementor-element-d8a6609 e-con-full e-flex e-con e-child\" data-id=\"d8a6609\" data-element_type=\"container\" data-settings=\"{&quot;background_background&quot;:&quot;classic&quot;}\">\n\t\t\t\t<div class=\"elementor-element elementor-element-2132dde elementor-view-default elementor-position-top elementor-mobile-position-top elementor-widget elementor-widget-icon-box\" data-id=\"2132dde\" data-element_type=\"widget\" data-widget_type=\"icon-box.default\">\n\t\t\t\t<div class=\"elementor-widget-container\">\n\t\t\t\t\t\t\t<div class=\"elementor-icon-box-wrapper\">\n\n\t\t\t\t\t\t<div class=\"elementor-icon-box-icon\">\n\t\t\t\t<a href=\"\/wp-content\/uploads\/2025\/06\/Loghi.zip\" download=\"Loghi.zip\" class=\"elementor-icon\" tabindex=\"-1\" aria-label=\"LOGOS\">\n\t\t\t\t<svg aria-hidden=\"true\" class=\"e-font-icon-svg e-far-folder-open\" viewBox=\"0 0 576 512\" xmlns=\"http:\/\/www.w3.org\/2000\/svg\"><path d=\"M527.9 224H480v-48c0-26.5-21.5-48-48-48H272l-64-64H48C21.5 64 0 85.5 0 112v288c0 26.5 21.5 48 48 48h400c16.5 0 31.9-8.5 40.7-22.6l79.9-128c20-31.9-3-73.4-40.7-73.4zM48 118c0-3.3 2.7-6 6-6h134.1l64 64H426c3.3 0 6 2.7 6 6v42H152c-16.8 0-32.4 8.8-41.1 23.2L48 351.4zm400 282H72l77.2-128H528z\"><\/path><\/svg>\t\t\t\t<\/a>\n\t\t\t<\/div>\n\t\t\t\n\t\t\t\t\t\t<div class=\"elementor-icon-box-content\">\n\n\t\t\t\t\t\t\t\t\t<h3 class=\"elementor-icon-box-title\">\n\t\t\t\t\t\t<a href=\"\/wp-content\/uploads\/2025\/06\/Loghi.zip\" download=\"Loghi.zip\" >\n\t\t\t\t\t\t\tLOGOS\t\t\t\t\t\t<\/a>\n\t\t\t\t\t<\/h3>\n\t\t\t\t\n\t\t\t\t\n\t\t\t<\/div>\n\t\t\t\n\t\t<\/div>\n\t\t\t\t\t\t<\/div>\n\t\t\t\t<\/div>\n\t\t\t\t<\/div>\n\t\t\t\t<\/div>\n\t\t<div id=\"e-n-tab-content-1437490815\" role=\"tabpanel\" aria-labelledby=\"e-n-tab-title-1437490815\" data-tab-index=\"5\" style=\"--n-tabs-title-order: 5;\" class=\" elementor-element elementor-element-80f650d e-con-full e-flex e-con e-child\" data-id=\"80f650d\" data-element_type=\"container\">\n\t\t<div class=\"elementor-element elementor-element-5e3a6af e-con-full e-flex e-con e-child\" data-id=\"5e3a6af\" data-element_type=\"container\" data-settings=\"{&quot;background_background&quot;:&quot;classic&quot;}\">\n\t\t\t\t<div class=\"elementor-element elementor-element-7efcf50 elementor-view-default elementor-position-top elementor-mobile-position-top elementor-widget elementor-widget-icon-box\" data-id=\"7efcf50\" data-element_type=\"widget\" data-widget_type=\"icon-box.default\">\n\t\t\t\t<div class=\"elementor-widget-container\">\n\t\t\t\t\t\t\t<div class=\"elementor-icon-box-wrapper\">\n\n\t\t\t\t\t\t<div class=\"elementor-icon-box-icon\">\n\t\t\t\t<a href=\"\/wp-content\/uploads\/2025\/05\/Depliant-Bindella-2024-165x105-WEB.pdf\" download=\"Depliant-Bindella-2024-165x105-WEB.pdf\" class=\"elementor-icon\" tabindex=\"-1\" aria-label=\"Brosch\u00fcre \">\n\t\t\t\t<svg aria-hidden=\"true\" class=\"e-font-icon-svg e-far-folder-open\" viewBox=\"0 0 576 512\" xmlns=\"http:\/\/www.w3.org\/2000\/svg\"><path d=\"M527.9 224H480v-48c0-26.5-21.5-48-48-48H272l-64-64H48C21.5 64 0 85.5 0 112v288c0 26.5 21.5 48 48 48h400c16.5 0 31.9-8.5 40.7-22.6l79.9-128c20-31.9-3-73.4-40.7-73.4zM48 118c0-3.3 2.7-6 6-6h134.1l64 64H426c3.3 0 6 2.7 6 6v42H152c-16.8 0-32.4 8.8-41.1 23.2L48 351.4zm400 282H72l77.2-128H528z\"><\/path><\/svg>\t\t\t\t<\/a>\n\t\t\t<\/div>\n\t\t\t\n\t\t\t\t\t\t<div class=\"elementor-icon-box-content\">\n\n\t\t\t\t\t\t\t\t\t<h3 class=\"elementor-icon-box-title\">\n\t\t\t\t\t\t<a href=\"\/wp-content\/uploads\/2025\/05\/Depliant-Bindella-2024-165x105-WEB.pdf\" download=\"Depliant-Bindella-2024-165x105-WEB.pdf\" >\n\t\t\t\t\t\t\tBrosch\u00fcre \t\t\t\t\t\t<\/a>\n\t\t\t\t\t<\/h3>\n\t\t\t\t\n\t\t\t\t\n\t\t\t<\/div>\n\t\t\t\n\t\t<\/div>\n\t\t\t\t\t\t<\/div>\n\t\t\t\t<\/div>\n\t\t\t\t<\/div>\n\t\t\t\t<\/div>\n\t\t\t\t\t<\/div>\n\t\t<\/div>\n\t\t\t\t\t\t<\/div>\n\t\t\t\t<\/div>\n\t\t\t\t\t<\/div>\n\t\t\t\t<\/div>\n\t\t\t\t<\/div>\n\t\t","protected":false},"excerpt":{"rendered":"<p>Press &#038; Trade Kit Datenbl\u00e4tter Bewertungen Fotos Logos Brosch\u00fcre WEINE VIN SANTO GRAPPA Oliven\u00f6l Bewertungen FOTOS LOGOS Brosch\u00fcre WEINE VIN SANTO GRAPPA Oliven\u00f6l Bewertungen FOTOS LOGOS Brosch\u00fcre<\/p>\n","protected":false},"author":2,"featured_media":0,"parent":0,"menu_order":0,"comment_status":"closed","ping_status":"closed","template":"","meta":{"footnotes":""},"class_list":["post-8928","page","type-page","status-publish","hentry"],"yoast_head":"<!-- This site is optimized with the Yoast SEO plugin v27.1.1 - https:\/\/yoast.com\/product\/yoast-seo-wordpress\/ -->\n<title>Press &amp; Trade Kit - Bindella<\/title>\n<meta name=\"robots\" content=\"index, follow, max-snippet:-1, max-image-preview:large, max-video-preview:-1\" \/>\n<link rel=\"canonical\" href=\"https:\/\/bindella.it\/de\/press-trade-kit\/\" \/>\n<meta property=\"og:locale\" content=\"de_DE\" \/>\n<meta property=\"og:type\" content=\"article\" \/>\n<meta property=\"og:title\" content=\"Press &amp; Trade Kit - Bindella\" \/>\n<meta property=\"og:description\" content=\"Press &#038; Trade Kit Datenbl\u00e4tter Bewertungen Fotos Logos Brosch\u00fcre WEINE VIN SANTO GRAPPA Oliven\u00f6l Bewertungen FOTOS LOGOS Brosch\u00fcre WEINE VIN SANTO GRAPPA Oliven\u00f6l Bewertungen FOTOS LOGOS Brosch\u00fcre\" \/>\n<meta property=\"og:url\" content=\"https:\/\/bindella.it\/de\/press-trade-kit\/\" \/>\n<meta property=\"og:site_name\" content=\"Bindella\" \/>\n<meta property=\"article:publisher\" content=\"https:\/\/www.facebook.com\/bindellavallocaia\" \/>\n<meta property=\"article:modified_time\" content=\"2025-06-25T09:57:35+00:00\" \/>\n<meta name=\"twitter:card\" content=\"summary_large_image\" \/>\n<script type=\"application\/ld+json\" class=\"yoast-schema-graph\">{\"@context\":\"https:\/\/schema.org\",\"@graph\":[{\"@type\":\"WebPage\",\"@id\":\"https:\/\/bindella.it\/de\/press-trade-kit\/\",\"url\":\"https:\/\/bindella.it\/de\/press-trade-kit\/\",\"name\":\"Press &amp; Trade Kit - Bindella\",\"isPartOf\":{\"@id\":\"https:\/\/bindella.it\/de\/#website\"},\"datePublished\":\"2025-05-16T09:18:05+00:00\",\"dateModified\":\"2025-06-25T09:57:35+00:00\",\"breadcrumb\":{\"@id\":\"https:\/\/bindella.it\/de\/press-trade-kit\/#breadcrumb\"},\"inLanguage\":\"de\",\"potentialAction\":[{\"@type\":\"ReadAction\",\"target\":[\"https:\/\/bindella.it\/de\/press-trade-kit\/\"]}]},{\"@type\":\"BreadcrumbList\",\"@id\":\"https:\/\/bindella.it\/de\/press-trade-kit\/#breadcrumb\",\"itemListElement\":[{\"@type\":\"ListItem\",\"position\":1,\"name\":\"Home\",\"item\":\"https:\/\/bindella.it\/de\/\"},{\"@type\":\"ListItem\",\"position\":2,\"name\":\"Press &amp; Trade Kit\"}]},{\"@type\":\"WebSite\",\"@id\":\"https:\/\/bindella.it\/de\/#website\",\"url\":\"https:\/\/bindella.it\/de\/\",\"name\":\"Bindella\",\"description\":\"\",\"publisher\":{\"@id\":\"https:\/\/bindella.it\/de\/#organization\"},\"potentialAction\":[{\"@type\":\"SearchAction\",\"target\":{\"@type\":\"EntryPoint\",\"urlTemplate\":\"https:\/\/bindella.it\/de\/?s={search_term_string}\"},\"query-input\":{\"@type\":\"PropertyValueSpecification\",\"valueRequired\":true,\"valueName\":\"search_term_string\"}}],\"inLanguage\":\"de\"},{\"@type\":\"Organization\",\"@id\":\"https:\/\/bindella.it\/de\/#organization\",\"name\":\"Bindella\",\"url\":\"https:\/\/bindella.it\/de\/\",\"logo\":{\"@type\":\"ImageObject\",\"inLanguage\":\"de\",\"@id\":\"https:\/\/bindella.it\/de\/#\/schema\/logo\/image\/\",\"url\":\"https:\/\/bindella.it\/wp-content\/uploads\/2025\/03\/logo_2_bindella_rosso.png\",\"contentUrl\":\"https:\/\/bindella.it\/wp-content\/uploads\/2025\/03\/logo_2_bindella_rosso.png\",\"width\":813,\"height\":262,\"caption\":\"Bindella\"},\"image\":{\"@id\":\"https:\/\/bindella.it\/de\/#\/schema\/logo\/image\/\"},\"sameAs\":[\"https:\/\/www.facebook.com\/bindellavallocaia\",\"https:\/\/www.instagram.com\/bindella.vallocaia\/\"]}]}<\/script>\n<!-- \/ Yoast SEO plugin. -->","yoast_head_json":{"title":"Press &amp; Trade Kit - Bindella","robots":{"index":"index","follow":"follow","max-snippet":"max-snippet:-1","max-image-preview":"max-image-preview:large","max-video-preview":"max-video-preview:-1"},"canonical":"https:\/\/bindella.it\/de\/press-trade-kit\/","og_locale":"de_DE","og_type":"article","og_title":"Press &amp; Trade Kit - Bindella","og_description":"Press &#038; Trade Kit Datenbl\u00e4tter Bewertungen Fotos Logos Brosch\u00fcre WEINE VIN SANTO GRAPPA Oliven\u00f6l Bewertungen FOTOS LOGOS Brosch\u00fcre WEINE VIN SANTO GRAPPA Oliven\u00f6l Bewertungen FOTOS LOGOS Brosch\u00fcre","og_url":"https:\/\/bindella.it\/de\/press-trade-kit\/","og_site_name":"Bindella","article_publisher":"https:\/\/www.facebook.com\/bindellavallocaia","article_modified_time":"2025-06-25T09:57:35+00:00","twitter_card":"summary_large_image","schema":{"@context":"https:\/\/schema.org","@graph":[{"@type":"WebPage","@id":"https:\/\/bindella.it\/de\/press-trade-kit\/","url":"https:\/\/bindella.it\/de\/press-trade-kit\/","name":"Press &amp; Trade Kit - Bindella","isPartOf":{"@id":"https:\/\/bindella.it\/de\/#website"},"datePublished":"2025-05-16T09:18:05+00:00","dateModified":"2025-06-25T09:57:35+00:00","breadcrumb":{"@id":"https:\/\/bindella.it\/de\/press-trade-kit\/#breadcrumb"},"inLanguage":"de","potentialAction":[{"@type":"ReadAction","target":["https:\/\/bindella.it\/de\/press-trade-kit\/"]}]},{"@type":"BreadcrumbList","@id":"https:\/\/bindella.it\/de\/press-trade-kit\/#breadcrumb","itemListElement":[{"@type":"ListItem","position":1,"name":"Home","item":"https:\/\/bindella.it\/de\/"},{"@type":"ListItem","position":2,"name":"Press &amp; Trade Kit"}]},{"@type":"WebSite","@id":"https:\/\/bindella.it\/de\/#website","url":"https:\/\/bindella.it\/de\/","name":"Bindella","description":"","publisher":{"@id":"https:\/\/bindella.it\/de\/#organization"},"potentialAction":[{"@type":"SearchAction","target":{"@type":"EntryPoint","urlTemplate":"https:\/\/bindella.it\/de\/?s={search_term_string}"},"query-input":{"@type":"PropertyValueSpecification","valueRequired":true,"valueName":"search_term_string"}}],"inLanguage":"de"},{"@type":"Organization","@id":"https:\/\/bindella.it\/de\/#organization","name":"Bindella","url":"https:\/\/bindella.it\/de\/","logo":{"@type":"ImageObject","inLanguage":"de","@id":"https:\/\/bindella.it\/de\/#\/schema\/logo\/image\/","url":"https:\/\/bindella.it\/wp-content\/uploads\/2025\/03\/logo_2_bindella_rosso.png","contentUrl":"https:\/\/bindella.it\/wp-content\/uploads\/2025\/03\/logo_2_bindella_rosso.png","width":813,"height":262,"caption":"Bindella"},"image":{"@id":"https:\/\/bindella.it\/de\/#\/schema\/logo\/image\/"},"sameAs":["https:\/\/www.facebook.com\/bindellavallocaia","https:\/\/www.instagram.com\/bindella.vallocaia\/"]}]}},"_links":{"self":[{"href":"https:\/\/bindella.it\/de\/wp-json\/wp\/v2\/pages\/8928","targetHints":{"allow":["GET"]}}],"collection":[{"href":"https:\/\/bindella.it\/de\/wp-json\/wp\/v2\/pages"}],"about":[{"href":"https:\/\/bindella.it\/de\/wp-json\/wp\/v2\/types\/page"}],"author":[{"embeddable":true,"href":"https:\/\/bindella.it\/de\/wp-json\/wp\/v2\/users\/2"}],"replies":[{"embeddable":true,"href":"https:\/\/bindella.it\/de\/wp-json\/wp\/v2\/comments?post=8928"}],"version-history":[{"count":3,"href":"https:\/\/bindella.it\/de\/wp-json\/wp\/v2\/pages\/8928\/revisions"}],"predecessor-version":[{"id":8935,"href":"https:\/\/bindella.it\/de\/wp-json\/wp\/v2\/pages\/8928\/revisions\/8935"}],"wp:attachment":[{"href":"https:\/\/bindella.it\/de\/wp-json\/wp\/v2\/media?parent=8928"}],"curies":[{"name":"wp","href":"https:\/\/api.w.org\/{rel}","templated":true}]}}