{"id":9239,"date":"2025-06-30T14:45:06","date_gmt":"2025-06-30T14:45:06","guid":{"rendered":"https:\/\/bindella.it\/cookies-policy\/"},"modified":"2025-06-30T15:18:05","modified_gmt":"2025-06-30T15:18:05","slug":"cookies-policy","status":"publish","type":"page","link":"https:\/\/bindella.it\/de\/cookies-policy\/","title":{"rendered":"Cookies Policy"},"content":{"rendered":"\t\t<div data-elementor-type=\"wp-page\" data-elementor-id=\"9239\" class=\"elementor elementor-9239 elementor-9218\" data-elementor-post-type=\"page\">\n\t\t\t\t<div class=\"elementor-element elementor-element-602a843 e-flex e-con-boxed e-con e-parent\" data-id=\"602a843\" data-element_type=\"container\">\n\t\t\t\t\t<div class=\"e-con-inner\">\n\t\t\t\t\t<\/div>\n\t\t\t\t<\/div>\n\t\t<div class=\"elementor-element elementor-element-483fd4d e-flex e-con-boxed e-con e-parent\" data-id=\"483fd4d\" data-element_type=\"container\">\n\t\t\t\t\t<div class=\"e-con-inner\">\n\t\t\t\t<div class=\"elementor-element elementor-element-e3258d9 elementor-widget elementor-widget-heading\" data-id=\"e3258d9\" data-element_type=\"widget\" data-widget_type=\"heading.default\">\n\t\t\t\t<div class=\"elementor-widget-container\">\n\t\t\t\t\t<h2 class=\"elementor-heading-title elementor-size-default\">Cookies-Richtlinie<\/h2>\t\t\t\t<\/div>\n\t\t\t\t<\/div>\n\t\t\t\t<div class=\"elementor-element elementor-element-68d6580 elementor-widget elementor-widget-text-editor\" data-id=\"68d6580\" data-element_type=\"widget\" data-widget_type=\"text-editor.default\">\n\t\t\t\t<div class=\"elementor-widget-container\">\n\t\t\t\t\t\t\t\t\t<div id=\"top\" class=\"section imprint\"><div class=\"container\"><div class=\"content-width-900px align-center\"><div class=\"rich-text-article w-richtext\"><h3>Was sind Cookies<\/h3><p>Cookies sind kleine Textdateien, die von Nutzern besuchte Websites an ihre Endger\u00e4te senden, wo sie gespeichert und bei ihrem n\u00e4chsten Besuch an dieselben Websites \u00fcbertragen werden. Drittanbieter&#8220;-Cookies hingegen werden von einer anderen Website als derjenigen, die der Benutzer besucht, gesetzt. Dies liegt daran, dass auf jeder Website Elemente (Bilder, Karten, T\u00f6ne, spezifische Links zu Webseiten anderer Domains usw.) vorhanden sein k\u00f6nnen, die sich auf anderen Servern als dem der besuchten Website befinden.<\/p><h3>Verwendung von Cookies<\/h3><p>Diese Website verwendet die folgenden Arten von Cookies, um die Navigation und das Benutzererlebnis zu verbessern:<\/p><ul role=\"list\"><li><strong>Technische Cookies.<\/strong>\u00a0Dies sind Cookies, die dazu dienen, die Navigation durchzuf\u00fchren oder einen vom Benutzer angeforderten Dienst bereitzustellen. Sie werden nicht f\u00fcr andere Zwecke verwendet. Ohne die Verwendung dieser Cookies k\u00f6nnten einige Operationen nicht durchgef\u00fchrt werden oder w\u00e4ren komplexer und\/oder weniger sicher, daher sind die Cookies, die die Durchf\u00fchrung und Aufrechterhaltung der Identifizierung des Benutzers w\u00e4hrend der Sitzung erm\u00f6glichen, unverzichtbar.<\/li><li><strong>Analytische Cookies.<\/strong>\u00a0Sie sammeln Informationen \u00fcber die Benutzer und wie sie die Website besuchen.<\/li><li><strong>Technische Cookies von Dritten.<\/strong>\u00a0Wird von Dritten verwendet, um die Integration der Website mit sozialen Profilen f\u00fcr die in sozialen Netzwerken ge\u00e4u\u00dferten Pr\u00e4ferenzen und das Teilen von Inhalten durch die Nutzer zu erm\u00f6glichen.<\/li><li><strong>Profilierungs-Cookies.<\/strong>\u00a0Dies sind Cookies, die verwendet werden, um die Navigation des Benutzers im Netzwerk zu verfolgen und Profile \u00fcber seinen Geschmack, seine Gewohnheiten, seine Entscheidungen usw. zu erstellen. Mit diesen Cookies k\u00f6nnen Werbebotschaften an das Endger\u00e4t des Nutzers gesendet werden, die den Pr\u00e4ferenzen entsprechen, die der Nutzer bereits beim Online-Surfen ge\u00e4u\u00dfert hat.<\/li><\/ul><h3>Cookies deaktivieren<\/h3><p>Gem\u00e4\u00df den geltenden Vorschriften ist diese Website nicht verpflichtet, eine ausdr\u00fcckliche Zustimmung f\u00fcr technische, Analyse- und Drittanbieter-Cookies zu verlangen, da diese f\u00fcr die korrekte Nutzung der Website notwendig sind. Die einzelnen Benutzer k\u00f6nnen, wenn sie mit ihrer Verwendung nicht einverstanden sind, diese Cookies auf jeden Fall deaktivieren, im Bewusstsein, dass ihr Fehlen eine falsche Darstellung der Website durch die folgenden Dienste und M\u00f6glichkeiten der Konfiguration von Online-Webdiensten und der auf ihrem Computer installierten Software verursachen kann.<\/p><p>Sie k\u00f6nnen sich \u00fcber die Cookie-Richtlinien der wichtigsten Webdienste von Drittanbietern informieren, die von dieser Website aus genutzt oder verlinkt werden:<\/p><p>&#8211;\u00a0<strong>Google<\/strong><\/p><p>&#8211;\u00a0<a href=\"https:\/\/www.facebook.com\/help\/cookies\/\" target=\"_blank\" rel=\"noopener\">Facebook<\/a><\/p><p>&#8211;\u00a0<a href=\"https:\/\/vimeo.com\/cookie_policy\" target=\"_blank\" rel=\"noopener\">Vimeo<\/a><\/p><p>&#8211;\u00a0<strong>Twitter<\/strong><\/p><p>&#8211;\u00a0<strong>Pinterest<\/strong><\/p><p>&#8211;\u00a0<a href=\"https:\/\/legal.yandex.com\/privacy\/\" target=\"_blank\" rel=\"noopener\">Yandex<\/a><\/p><p>&#8211;\u00a0<a href=\"https:\/\/instagram.com\/legal\/cookies\/\" target=\"_blank\" rel=\"noopener\">Instagram<\/a><\/p><p>&#8211;\u00a0<a href=\"https:\/\/www.addthis.com\/privacy\" target=\"_blank\" rel=\"noopener\">AddThis<\/a><\/p><p>&#8211;\u00a0<strong>ShareThis<\/strong><\/p><p>Bei einigen Online-Diensten k\u00f6nnen Sie die Verwendung von Cookies \u00fcber bestimmte Nutzungsoptionen deaktivieren:<\/p><p>\u00b7\u00a0\u00a0\u00a0\u00a0\u00a0\u00a0\u00a0\u00a0Google-Dienste<\/p><p>\u00b7\u00a0\u00a0\u00a0\u00a0\u00a0\u00a0\u00a0\u00a0Facebook<\/p><p>&#8211; Twitter<\/p><p>Referenzseiten f\u00fcr die Deaktivierung von Cookies in den wichtigsten Browsern, auch bekannt als Browser:<\/p><p>&#8211; Firefox<\/p><p>&#8211; Chrome<\/p><p>&#8211; Safari<\/p><p>&#8211; Internet Explorer<\/p><p>&#8211; Opera<\/p><p>\u00a0<\/p><p>Diese Seite ist \u00fcber Links am unteren Rand und in den Informations-Popups auf allen Seiten der Website gem\u00e4\u00df Art. 122 zweiter Absatz des Gesetzesdekrets Nr. 196\/2003 sichtbar, gem\u00e4\u00df den vereinfachten Verfahren zur Information und zum Erwerb der Zustimmung zur Verwendung von Cookies, die im Amtsblatt Nr. 126 vom 3. Juni 2014 und im Register der Bestimmungen Nr. 229 vom 8. Mai 2014 ver\u00f6ffentlicht wurden. F\u00fcr weitere Informationen k\u00f6nnen Sie die Website des Datenschutzgaranten besuchen.<\/p><\/div><\/div><\/div><\/div>\t\t\t\t\t\t\t\t<\/div>\n\t\t\t\t<\/div>\n\t\t\t\t\t<\/div>\n\t\t\t\t<\/div>\n\t\t\t\t<\/div>\n\t\t","protected":false},"excerpt":{"rendered":"<p>Cookies-Richtlinie Was sind Cookies Cookies sind kleine Textdateien, die von Nutzern besuchte Websites an ihre Endger\u00e4te senden, wo sie gespeichert und bei ihrem n\u00e4chsten Besuch an dieselben Websites \u00fcbertragen werden. Drittanbieter&#8220;-Cookies hingegen werden von einer anderen Website als derjenigen, die der Benutzer besucht, gesetzt. Dies liegt daran, dass auf jeder Website Elemente (Bilder, Karten, T\u00f6ne, [&hellip;]<\/p>\n","protected":false},"author":1,"featured_media":0,"parent":0,"menu_order":0,"comment_status":"closed","ping_status":"closed","template":"","meta":{"footnotes":""},"class_list":["post-9239","page","type-page","status-publish","hentry"],"yoast_head":"<!-- This site is optimized with the Yoast SEO plugin v27.1.1 - https:\/\/yoast.com\/product\/yoast-seo-wordpress\/ -->\n<title>Cookies Policy - Bindella<\/title>\n<meta name=\"robots\" content=\"index, follow, max-snippet:-1, max-image-preview:large, max-video-preview:-1\" \/>\n<link rel=\"canonical\" href=\"https:\/\/bindella.it\/de\/cookies-policy\/\" \/>\n<meta property=\"og:locale\" content=\"de_DE\" \/>\n<meta property=\"og:type\" content=\"article\" \/>\n<meta property=\"og:title\" content=\"Cookies Policy - Bindella\" \/>\n<meta property=\"og:description\" content=\"Cookies-Richtlinie Was sind Cookies Cookies sind kleine Textdateien, die von Nutzern besuchte Websites an ihre Endger\u00e4te senden, wo sie gespeichert und bei ihrem n\u00e4chsten Besuch an dieselben Websites \u00fcbertragen werden. Drittanbieter&#8220;-Cookies hingegen werden von einer anderen Website als derjenigen, die der Benutzer besucht, gesetzt. Dies liegt daran, dass auf jeder Website Elemente (Bilder, Karten, T\u00f6ne, [&hellip;]\" \/>\n<meta property=\"og:url\" content=\"https:\/\/bindella.it\/de\/cookies-policy\/\" \/>\n<meta property=\"og:site_name\" content=\"Bindella\" \/>\n<meta property=\"article:publisher\" content=\"https:\/\/www.facebook.com\/bindellavallocaia\" \/>\n<meta property=\"article:modified_time\" content=\"2025-06-30T15:18:05+00:00\" \/>\n<meta name=\"twitter:card\" content=\"summary_large_image\" \/>\n<meta name=\"twitter:label1\" content=\"Gesch\u00e4tzte Lesezeit\" \/>\n\t<meta name=\"twitter:data1\" content=\"3\u00a0Minuten\" \/>\n<script type=\"application\/ld+json\" class=\"yoast-schema-graph\">{\"@context\":\"https:\/\/schema.org\",\"@graph\":[{\"@type\":\"WebPage\",\"@id\":\"https:\/\/bindella.it\/de\/cookies-policy\/\",\"url\":\"https:\/\/bindella.it\/de\/cookies-policy\/\",\"name\":\"Cookies Policy - Bindella\",\"isPartOf\":{\"@id\":\"https:\/\/bindella.it\/de\/#website\"},\"datePublished\":\"2025-06-30T14:45:06+00:00\",\"dateModified\":\"2025-06-30T15:18:05+00:00\",\"breadcrumb\":{\"@id\":\"https:\/\/bindella.it\/de\/cookies-policy\/#breadcrumb\"},\"inLanguage\":\"de\",\"potentialAction\":[{\"@type\":\"ReadAction\",\"target\":[\"https:\/\/bindella.it\/de\/cookies-policy\/\"]}]},{\"@type\":\"BreadcrumbList\",\"@id\":\"https:\/\/bindella.it\/de\/cookies-policy\/#breadcrumb\",\"itemListElement\":[{\"@type\":\"ListItem\",\"position\":1,\"name\":\"Home\",\"item\":\"https:\/\/bindella.it\/de\/\"},{\"@type\":\"ListItem\",\"position\":2,\"name\":\"Cookies Policy\"}]},{\"@type\":\"WebSite\",\"@id\":\"https:\/\/bindella.it\/de\/#website\",\"url\":\"https:\/\/bindella.it\/de\/\",\"name\":\"Bindella\",\"description\":\"\",\"publisher\":{\"@id\":\"https:\/\/bindella.it\/de\/#organization\"},\"potentialAction\":[{\"@type\":\"SearchAction\",\"target\":{\"@type\":\"EntryPoint\",\"urlTemplate\":\"https:\/\/bindella.it\/de\/?s={search_term_string}\"},\"query-input\":{\"@type\":\"PropertyValueSpecification\",\"valueRequired\":true,\"valueName\":\"search_term_string\"}}],\"inLanguage\":\"de\"},{\"@type\":\"Organization\",\"@id\":\"https:\/\/bindella.it\/de\/#organization\",\"name\":\"Bindella\",\"url\":\"https:\/\/bindella.it\/de\/\",\"logo\":{\"@type\":\"ImageObject\",\"inLanguage\":\"de\",\"@id\":\"https:\/\/bindella.it\/de\/#\/schema\/logo\/image\/\",\"url\":\"https:\/\/bindella.it\/wp-content\/uploads\/2025\/03\/logo_2_bindella_rosso.png\",\"contentUrl\":\"https:\/\/bindella.it\/wp-content\/uploads\/2025\/03\/logo_2_bindella_rosso.png\",\"width\":813,\"height\":262,\"caption\":\"Bindella\"},\"image\":{\"@id\":\"https:\/\/bindella.it\/de\/#\/schema\/logo\/image\/\"},\"sameAs\":[\"https:\/\/www.facebook.com\/bindellavallocaia\",\"https:\/\/www.instagram.com\/bindella.vallocaia\/\"]}]}<\/script>\n<!-- \/ Yoast SEO plugin. -->","yoast_head_json":{"title":"Cookies Policy - Bindella","robots":{"index":"index","follow":"follow","max-snippet":"max-snippet:-1","max-image-preview":"max-image-preview:large","max-video-preview":"max-video-preview:-1"},"canonical":"https:\/\/bindella.it\/de\/cookies-policy\/","og_locale":"de_DE","og_type":"article","og_title":"Cookies Policy - Bindella","og_description":"Cookies-Richtlinie Was sind Cookies Cookies sind kleine Textdateien, die von Nutzern besuchte Websites an ihre Endger\u00e4te senden, wo sie gespeichert und bei ihrem n\u00e4chsten Besuch an dieselben Websites \u00fcbertragen werden. Drittanbieter&#8220;-Cookies hingegen werden von einer anderen Website als derjenigen, die der Benutzer besucht, gesetzt. Dies liegt daran, dass auf jeder Website Elemente (Bilder, Karten, T\u00f6ne, [&hellip;]","og_url":"https:\/\/bindella.it\/de\/cookies-policy\/","og_site_name":"Bindella","article_publisher":"https:\/\/www.facebook.com\/bindellavallocaia","article_modified_time":"2025-06-30T15:18:05+00:00","twitter_card":"summary_large_image","twitter_misc":{"Gesch\u00e4tzte Lesezeit":"3\u00a0Minuten"},"schema":{"@context":"https:\/\/schema.org","@graph":[{"@type":"WebPage","@id":"https:\/\/bindella.it\/de\/cookies-policy\/","url":"https:\/\/bindella.it\/de\/cookies-policy\/","name":"Cookies Policy - Bindella","isPartOf":{"@id":"https:\/\/bindella.it\/de\/#website"},"datePublished":"2025-06-30T14:45:06+00:00","dateModified":"2025-06-30T15:18:05+00:00","breadcrumb":{"@id":"https:\/\/bindella.it\/de\/cookies-policy\/#breadcrumb"},"inLanguage":"de","potentialAction":[{"@type":"ReadAction","target":["https:\/\/bindella.it\/de\/cookies-policy\/"]}]},{"@type":"BreadcrumbList","@id":"https:\/\/bindella.it\/de\/cookies-policy\/#breadcrumb","itemListElement":[{"@type":"ListItem","position":1,"name":"Home","item":"https:\/\/bindella.it\/de\/"},{"@type":"ListItem","position":2,"name":"Cookies Policy"}]},{"@type":"WebSite","@id":"https:\/\/bindella.it\/de\/#website","url":"https:\/\/bindella.it\/de\/","name":"Bindella","description":"","publisher":{"@id":"https:\/\/bindella.it\/de\/#organization"},"potentialAction":[{"@type":"SearchAction","target":{"@type":"EntryPoint","urlTemplate":"https:\/\/bindella.it\/de\/?s={search_term_string}"},"query-input":{"@type":"PropertyValueSpecification","valueRequired":true,"valueName":"search_term_string"}}],"inLanguage":"de"},{"@type":"Organization","@id":"https:\/\/bindella.it\/de\/#organization","name":"Bindella","url":"https:\/\/bindella.it\/de\/","logo":{"@type":"ImageObject","inLanguage":"de","@id":"https:\/\/bindella.it\/de\/#\/schema\/logo\/image\/","url":"https:\/\/bindella.it\/wp-content\/uploads\/2025\/03\/logo_2_bindella_rosso.png","contentUrl":"https:\/\/bindella.it\/wp-content\/uploads\/2025\/03\/logo_2_bindella_rosso.png","width":813,"height":262,"caption":"Bindella"},"image":{"@id":"https:\/\/bindella.it\/de\/#\/schema\/logo\/image\/"},"sameAs":["https:\/\/www.facebook.com\/bindellavallocaia","https:\/\/www.instagram.com\/bindella.vallocaia\/"]}]}},"_links":{"self":[{"href":"https:\/\/bindella.it\/de\/wp-json\/wp\/v2\/pages\/9239","targetHints":{"allow":["GET"]}}],"collection":[{"href":"https:\/\/bindella.it\/de\/wp-json\/wp\/v2\/pages"}],"about":[{"href":"https:\/\/bindella.it\/de\/wp-json\/wp\/v2\/types\/page"}],"author":[{"embeddable":true,"href":"https:\/\/bindella.it\/de\/wp-json\/wp\/v2\/users\/1"}],"replies":[{"embeddable":true,"href":"https:\/\/bindella.it\/de\/wp-json\/wp\/v2\/comments?post=9239"}],"version-history":[{"count":3,"href":"https:\/\/bindella.it\/de\/wp-json\/wp\/v2\/pages\/9239\/revisions"}],"predecessor-version":[{"id":9247,"href":"https:\/\/bindella.it\/de\/wp-json\/wp\/v2\/pages\/9239\/revisions\/9247"}],"wp:attachment":[{"href":"https:\/\/bindella.it\/de\/wp-json\/wp\/v2\/media?parent=9239"}],"curies":[{"name":"wp","href":"https:\/\/api.w.org\/{rel}","templated":true}]}}